{"id":12388,"date":"2020-04-03T11:04:24","date_gmt":"2020-04-03T15:04:24","guid":{"rendered":"https:\/\/kulanuarchive.kulanu.org\/?page_id=12388"},"modified":"2020-04-03T11:08:33","modified_gmt":"2020-04-03T15:08:33","slug":"four-questions-in-spanish","status":"publish","type":"page","link":"https:\/\/kulanu.org\/archive\/four-questions-in-spanish\/","title":{"rendered":"Four Questions in Spanish &#8211; Cuatro Preguntas en Espa\u00f1ol"},"content":{"rendered":"<p><strong>\u00bfQu\u00e9 hace diferente a esta noche de todas las dem\u00e1s noches?<\/strong><br \/>\n1.) En todas las dem\u00e1s noches comemos ya sea jametz y matz\u00e1, pero en esta noche s\u00f3lo comemos matz\u00e1.<br \/>\n2.) En todas las dem\u00e1s noches comemos toda clase de verduras, pero en esta noche s\u00f3lo comemos verduras amargas (maror).<br \/>\n3.) En todas las dem\u00e1s noches no remojamos las verduras ni una sola vez, pero en esta noche lo hacemos dos veces.<br \/>\n4.) En todas las dem\u00e1s noches comemos o sentados o reclinados, pero en esta noche todos comemos reclinados.<\/p>\n","protected":false},"excerpt":{"rendered":"<p>\u00bfQu\u00e9 hace diferente a esta noche de todas las dem\u00e1s noches? 1.) En todas las dem\u00e1s noches comemos ya sea <\/p>\n","protected":false},"author":1,"featured_media":0,"parent":0,"menu_order":0,"comment_status":"closed","ping_status":"closed","template":"page-template\/full-width.php","meta":[],"yoast_head":"<!-- This site is optimized with the Yoast SEO plugin v18.3 - https:\/\/yoast.com\/wordpress\/plugins\/seo\/ -->\n<title>Four Questions in Spanish - Cuatro Preguntas en Espa\u00f1ol - Kulanu<\/title>\n<meta name=\"description\" content=\"\u00bfQu\u00e9 hace diferente a esta noche de todas las dem\u00e1s noches? 1.) En todas las dem\u00e1s noches comemos ya sea jametz y matz\u00e1, pero en esta noche s\u00f3lo comemos\" \/>\n<meta name=\"robots\" content=\"index, follow, max-snippet:-1, max-image-preview:large, max-video-preview:-1\" \/>\n<link rel=\"canonical\" href=\"https:\/\/kulanu.org\/archive\/four-questions-in-spanish\/\" \/>\n<meta property=\"og:locale\" content=\"en_US\" \/>\n<meta property=\"og:type\" content=\"article\" \/>\n<meta property=\"og:title\" content=\"Four Questions in Spanish - Cuatro Preguntas en Espa\u00f1ol - Kulanu\" \/>\n<meta property=\"og:description\" content=\"\u00bfQu\u00e9 hace diferente a esta noche de todas las dem\u00e1s noches? 1.) En todas las dem\u00e1s noches comemos ya sea jametz y matz\u00e1, pero en esta noche s\u00f3lo comemos\" \/>\n<meta property=\"og:url\" content=\"https:\/\/kulanu.org\/archive\/four-questions-in-spanish\/\" \/>\n<meta property=\"og:site_name\" content=\"Kulanu\" \/>\n<meta property=\"article:publisher\" content=\"https:\/\/facebook.com\/kulanu\" \/>\n<meta property=\"article:modified_time\" content=\"2020-04-03T15:08:33+00:00\" \/>\n<meta property=\"og:image\" content=\"https:\/\/kulanu.org\/archive\/wp-content\/uploads\/aba-40-chaya-weinstein-3-abayu-scaled-e1654011790549.jpg\" \/>\n\t<meta property=\"og:image:width\" content=\"1830\" \/>\n\t<meta property=\"og:image:height\" content=\"1696\" \/>\n\t<meta property=\"og:image:type\" content=\"image\/jpeg\" \/>\n<meta name=\"twitter:card\" content=\"summary_large_image\" \/>\n<meta name=\"twitter:site\" content=\"@kulanu_inc\" \/>\n<script type=\"application\/ld+json\" class=\"yoast-schema-graph\">{\"@context\":\"https:\/\/schema.org\",\"@graph\":[{\"@type\":\"Organization\",\"@id\":\"https:\/\/kulanu.org\/archive\/#organization\",\"name\":\"Kulanu\",\"url\":\"https:\/\/kulanu.org\/archive\/\",\"sameAs\":[\"https:\/\/facebook.com\/kulanu\",\"https:\/\/instagram.com\/kulanu_inc\",\"https:\/\/www.linkedin.com\/company\/529768\",\"https:\/\/youtube.com\/kulanuvideo\",\"https:\/\/twitter.com\/kulanu_inc\"],\"logo\":{\"@type\":\"ImageObject\",\"@id\":\"https:\/\/kulanu.org\/archive\/#logo\",\"inLanguage\":\"en-US\",\"url\":\"https:\/\/kulanu.org\/archive\/wp-content\/uploads\/Kulanu-Site-Logo.png\",\"contentUrl\":\"https:\/\/kulanu.org\/archive\/wp-content\/uploads\/Kulanu-Site-Logo.png\",\"width\":188,\"height\":188,\"caption\":\"Kulanu\"},\"image\":{\"@id\":\"https:\/\/kulanu.org\/archive\/#logo\"}},{\"@type\":\"WebSite\",\"@id\":\"https:\/\/kulanu.org\/archive\/#website\",\"url\":\"https:\/\/kulanu.org\/archive\/\",\"name\":\"Kulanu\",\"description\":\"Supporting isolated, returning, and emerging Jewish communities around the world\",\"publisher\":{\"@id\":\"https:\/\/kulanu.org\/archive\/#organization\"},\"potentialAction\":[{\"@type\":\"SearchAction\",\"target\":{\"@type\":\"EntryPoint\",\"urlTemplate\":\"https:\/\/kulanu.org\/archive\/?s={search_term_string}\"},\"query-input\":\"required name=search_term_string\"}],\"inLanguage\":\"en-US\"},{\"@type\":\"WebPage\",\"@id\":\"https:\/\/kulanu.org\/archive\/four-questions-in-spanish\/#webpage\",\"url\":\"https:\/\/kulanu.org\/archive\/four-questions-in-spanish\/\",\"name\":\"Four Questions in Spanish - Cuatro Preguntas en Espa\u00f1ol - Kulanu\",\"isPartOf\":{\"@id\":\"https:\/\/kulanu.org\/archive\/#website\"},\"datePublished\":\"2020-04-03T15:04:24+00:00\",\"dateModified\":\"2020-04-03T15:08:33+00:00\",\"description\":\"\u00bfQu\u00e9 hace diferente a esta noche de todas las dem\u00e1s noches? 1.) En todas las dem\u00e1s noches comemos ya sea jametz y matz\u00e1, pero en esta noche s\u00f3lo comemos\",\"breadcrumb\":{\"@id\":\"https:\/\/kulanu.org\/archive\/four-questions-in-spanish\/#breadcrumb\"},\"inLanguage\":\"en-US\",\"potentialAction\":[{\"@type\":\"ReadAction\",\"target\":[\"https:\/\/kulanu.org\/archive\/four-questions-in-spanish\/\"]}]},{\"@type\":\"BreadcrumbList\",\"@id\":\"https:\/\/kulanu.org\/archive\/four-questions-in-spanish\/#breadcrumb\",\"itemListElement\":[{\"@type\":\"ListItem\",\"position\":1,\"name\":\"Home\",\"item\":\"https:\/\/kulanu.org\/archive\/\"},{\"@type\":\"ListItem\",\"position\":2,\"name\":\"Four Questions in Spanish &#8211; Cuatro Preguntas en Espa\u00f1ol\"}]}]}<\/script>\n<!-- \/ Yoast SEO plugin. -->","yoast_head_json":{"title":"Four Questions in Spanish - Cuatro Preguntas en Espa\u00f1ol - Kulanu","description":"\u00bfQu\u00e9 hace diferente a esta noche de todas las dem\u00e1s noches? 1.) En todas las dem\u00e1s noches comemos ya sea jametz y matz\u00e1, pero en esta noche s\u00f3lo comemos","robots":{"index":"index","follow":"follow","max-snippet":"max-snippet:-1","max-image-preview":"max-image-preview:large","max-video-preview":"max-video-preview:-1"},"canonical":"https:\/\/kulanu.org\/archive\/four-questions-in-spanish\/","og_locale":"en_US","og_type":"article","og_title":"Four Questions in Spanish - Cuatro Preguntas en Espa\u00f1ol - Kulanu","og_description":"\u00bfQu\u00e9 hace diferente a esta noche de todas las dem\u00e1s noches? 1.) En todas las dem\u00e1s noches comemos ya sea jametz y matz\u00e1, pero en esta noche s\u00f3lo comemos","og_url":"https:\/\/kulanu.org\/archive\/four-questions-in-spanish\/","og_site_name":"Kulanu","article_publisher":"https:\/\/facebook.com\/kulanu","article_modified_time":"2020-04-03T15:08:33+00:00","og_image":[{"width":1830,"height":1696,"url":"https:\/\/kulanu.org\/archive\/wp-content\/uploads\/aba-40-chaya-weinstein-3-abayu-scaled-e1654011790549.jpg","type":"image\/jpeg"}],"twitter_card":"summary_large_image","twitter_site":"@kulanu_inc","schema":{"@context":"https:\/\/schema.org","@graph":[{"@type":"Organization","@id":"https:\/\/kulanu.org\/archive\/#organization","name":"Kulanu","url":"https:\/\/kulanu.org\/archive\/","sameAs":["https:\/\/facebook.com\/kulanu","https:\/\/instagram.com\/kulanu_inc","https:\/\/www.linkedin.com\/company\/529768","https:\/\/youtube.com\/kulanuvideo","https:\/\/twitter.com\/kulanu_inc"],"logo":{"@type":"ImageObject","@id":"https:\/\/kulanu.org\/archive\/#logo","inLanguage":"en-US","url":"https:\/\/kulanu.org\/archive\/wp-content\/uploads\/Kulanu-Site-Logo.png","contentUrl":"https:\/\/kulanu.org\/archive\/wp-content\/uploads\/Kulanu-Site-Logo.png","width":188,"height":188,"caption":"Kulanu"},"image":{"@id":"https:\/\/kulanu.org\/archive\/#logo"}},{"@type":"WebSite","@id":"https:\/\/kulanu.org\/archive\/#website","url":"https:\/\/kulanu.org\/archive\/","name":"Kulanu","description":"Supporting isolated, returning, and emerging Jewish communities around the world","publisher":{"@id":"https:\/\/kulanu.org\/archive\/#organization"},"potentialAction":[{"@type":"SearchAction","target":{"@type":"EntryPoint","urlTemplate":"https:\/\/kulanu.org\/archive\/?s={search_term_string}"},"query-input":"required name=search_term_string"}],"inLanguage":"en-US"},{"@type":"WebPage","@id":"https:\/\/kulanu.org\/archive\/four-questions-in-spanish\/#webpage","url":"https:\/\/kulanu.org\/archive\/four-questions-in-spanish\/","name":"Four Questions in Spanish - Cuatro Preguntas en Espa\u00f1ol - Kulanu","isPartOf":{"@id":"https:\/\/kulanu.org\/archive\/#website"},"datePublished":"2020-04-03T15:04:24+00:00","dateModified":"2020-04-03T15:08:33+00:00","description":"\u00bfQu\u00e9 hace diferente a esta noche de todas las dem\u00e1s noches? 1.) En todas las dem\u00e1s noches comemos ya sea jametz y matz\u00e1, pero en esta noche s\u00f3lo comemos","breadcrumb":{"@id":"https:\/\/kulanu.org\/archive\/four-questions-in-spanish\/#breadcrumb"},"inLanguage":"en-US","potentialAction":[{"@type":"ReadAction","target":["https:\/\/kulanu.org\/archive\/four-questions-in-spanish\/"]}]},{"@type":"BreadcrumbList","@id":"https:\/\/kulanu.org\/archive\/four-questions-in-spanish\/#breadcrumb","itemListElement":[{"@type":"ListItem","position":1,"name":"Home","item":"https:\/\/kulanu.org\/archive\/"},{"@type":"ListItem","position":2,"name":"Four Questions in Spanish &#8211; Cuatro Preguntas en Espa\u00f1ol"}]}]}},"_links":{"self":[{"href":"https:\/\/kulanu.org\/archive\/wp-json\/wp\/v2\/pages\/12388"}],"collection":[{"href":"https:\/\/kulanu.org\/archive\/wp-json\/wp\/v2\/pages"}],"about":[{"href":"https:\/\/kulanu.org\/archive\/wp-json\/wp\/v2\/types\/page"}],"author":[{"embeddable":true,"href":"https:\/\/kulanu.org\/archive\/wp-json\/wp\/v2\/users\/1"}],"replies":[{"embeddable":true,"href":"https:\/\/kulanu.org\/archive\/wp-json\/wp\/v2\/comments?post=12388"}],"version-history":[{"count":0,"href":"https:\/\/kulanu.org\/archive\/wp-json\/wp\/v2\/pages\/12388\/revisions"}],"wp:attachment":[{"href":"https:\/\/kulanu.org\/archive\/wp-json\/wp\/v2\/media?parent=12388"}],"curies":[{"name":"wp","href":"https:\/\/api.w.org\/{rel}","templated":true}]}}